{"id":20291,"date":"2025-07-10T11:52:08","date_gmt":"2025-07-10T09:52:08","guid":{"rendered":"https:\/\/florents8.id-interactive.fr\/new_unither\/?page_id=20291"},"modified":"2026-02-03T15:54:51","modified_gmt":"2026-02-03T14:54:51","slug":"co-dev-program","status":"publish","type":"page","link":"https:\/\/dev8.id-interactive.fr\/new_unither\/fr\/developpement\/co-dev-program\/","title":{"rendered":"Programme de Co-D\u00e9veloppement"},"content":{"rendered":"","protected":false},"excerpt":{"rendered":"<p>Un partenariat innovant pour acc\u00e9l\u00e9rer la mise sur le march\u00e9 de vos produits.<\/p>\n","protected":false},"author":1,"featured_media":27532,"parent":20311,"menu_order":0,"comment_status":"closed","ping_status":"closed","template":"","meta":{"_acf_changed":false,"footnotes":""},"tags":[],"class_list":["post-20291","page","type-page","status-publish","has-post-thumbnail","hentry"],"acf":[],"_links":{"self":[{"href":"https:\/\/dev8.id-interactive.fr\/new_unither\/fr\/wp-json\/wp\/v2\/pages\/20291","targetHints":{"allow":["GET"]}}],"collection":[{"href":"https:\/\/dev8.id-interactive.fr\/new_unither\/fr\/wp-json\/wp\/v2\/pages"}],"about":[{"href":"https:\/\/dev8.id-interactive.fr\/new_unither\/fr\/wp-json\/wp\/v2\/types\/page"}],"author":[{"embeddable":true,"href":"https:\/\/dev8.id-interactive.fr\/new_unither\/fr\/wp-json\/wp\/v2\/users\/1"}],"replies":[{"embeddable":true,"href":"https:\/\/dev8.id-interactive.fr\/new_unither\/fr\/wp-json\/wp\/v2\/comments?post=20291"}],"version-history":[{"count":39,"href":"https:\/\/dev8.id-interactive.fr\/new_unither\/fr\/wp-json\/wp\/v2\/pages\/20291\/revisions"}],"predecessor-version":[{"id":30758,"href":"https:\/\/dev8.id-interactive.fr\/new_unither\/fr\/wp-json\/wp\/v2\/pages\/20291\/revisions\/30758"}],"up":[{"embeddable":true,"href":"https:\/\/dev8.id-interactive.fr\/new_unither\/fr\/wp-json\/wp\/v2\/pages\/20311"}],"wp:featuredmedia":[{"embeddable":true,"href":"https:\/\/dev8.id-interactive.fr\/new_unither\/fr\/wp-json\/wp\/v2\/media\/27532"}],"wp:attachment":[{"href":"https:\/\/dev8.id-interactive.fr\/new_unither\/fr\/wp-json\/wp\/v2\/media?parent=20291"}],"wp:term":[{"taxonomy":"post_tag","embeddable":true,"href":"https:\/\/dev8.id-interactive.fr\/new_unither\/fr\/wp-json\/wp\/v2\/tags?post=20291"}],"curies":[{"name":"wp","href":"https:\/\/api.w.org\/{rel}","templated":true}]}}