{"id":20372,"date":"2025-07-11T13:24:12","date_gmt":"2025-07-11T11:24:12","guid":{"rendered":"https:\/\/florents8.id-interactive.fr\/new_unither\/?page_id=20372"},"modified":"2026-02-03T15:54:38","modified_gmt":"2026-02-03T14:54:38","slug":"politique-dachats","status":"publish","type":"page","link":"https:\/\/dev8.id-interactive.fr\/new_unither\/fr\/politique-dachats\/","title":{"rendered":"Politique d&rsquo;achats"},"content":{"rendered":"","protected":false},"excerpt":{"rendered":"<p>La Politique Achats du Groupe Unither s\u2019inscrit pleinement dans la politique de Responsabilit\u00e9 Soci\u00e9tale des Entreprises (RSE) du Groupe et exprime les engagements de celui-ci dans le d\u00e9ploiement de sa strat\u00e9gie d\u2019Achats Responsables ainsi que ses attentes vis-\u00e0-vis de ses fournisseurs et de ses sous-traitants.<\/p>\n","protected":false},"author":1,"featured_media":25277,"parent":0,"menu_order":0,"comment_status":"closed","ping_status":"closed","template":"","meta":{"_acf_changed":false,"footnotes":""},"tags":[],"class_list":["post-20372","page","type-page","status-publish","has-post-thumbnail","hentry"],"acf":[],"_links":{"self":[{"href":"https:\/\/dev8.id-interactive.fr\/new_unither\/fr\/wp-json\/wp\/v2\/pages\/20372","targetHints":{"allow":["GET"]}}],"collection":[{"href":"https:\/\/dev8.id-interactive.fr\/new_unither\/fr\/wp-json\/wp\/v2\/pages"}],"about":[{"href":"https:\/\/dev8.id-interactive.fr\/new_unither\/fr\/wp-json\/wp\/v2\/types\/page"}],"author":[{"embeddable":true,"href":"https:\/\/dev8.id-interactive.fr\/new_unither\/fr\/wp-json\/wp\/v2\/users\/1"}],"replies":[{"embeddable":true,"href":"https:\/\/dev8.id-interactive.fr\/new_unither\/fr\/wp-json\/wp\/v2\/comments?post=20372"}],"version-history":[{"count":8,"href":"https:\/\/dev8.id-interactive.fr\/new_unither\/fr\/wp-json\/wp\/v2\/pages\/20372\/revisions"}],"predecessor-version":[{"id":29227,"href":"https:\/\/dev8.id-interactive.fr\/new_unither\/fr\/wp-json\/wp\/v2\/pages\/20372\/revisions\/29227"}],"wp:featuredmedia":[{"embeddable":true,"href":"https:\/\/dev8.id-interactive.fr\/new_unither\/fr\/wp-json\/wp\/v2\/media\/25277"}],"wp:attachment":[{"href":"https:\/\/dev8.id-interactive.fr\/new_unither\/fr\/wp-json\/wp\/v2\/media?parent=20372"}],"wp:term":[{"taxonomy":"post_tag","embeddable":true,"href":"https:\/\/dev8.id-interactive.fr\/new_unither\/fr\/wp-json\/wp\/v2\/tags?post=20372"}],"curies":[{"name":"wp","href":"https:\/\/api.w.org\/{rel}","templated":true}]}}