{"id":23256,"date":"2025-09-25T16:15:31","date_gmt":"2025-09-25T14:15:31","guid":{"rendered":"https:\/\/dev8.id-interactive.fr\/new_unither\/?page_id=23256"},"modified":"2026-02-03T15:53:43","modified_gmt":"2026-02-03T14:53:43","slug":"achats-responsables","status":"publish","type":"page","link":"https:\/\/dev8.id-interactive.fr\/new_unither\/fr\/achats-responsables\/","title":{"rendered":"Achats responsables"},"content":{"rendered":"","protected":false},"excerpt":{"rendered":"<p>Achats responsables chez Unither : qualit\u00e9, innovation et durabilit\u00e9 pour une industrie pharmaceutique \u00e9thique et performante.<\/p>\n","protected":false},"author":3,"featured_media":25154,"parent":0,"menu_order":0,"comment_status":"closed","ping_status":"closed","template":"","meta":{"_acf_changed":false,"footnotes":""},"tags":[],"class_list":["post-23256","page","type-page","status-publish","has-post-thumbnail","hentry"],"acf":[],"_links":{"self":[{"href":"https:\/\/dev8.id-interactive.fr\/new_unither\/fr\/wp-json\/wp\/v2\/pages\/23256","targetHints":{"allow":["GET"]}}],"collection":[{"href":"https:\/\/dev8.id-interactive.fr\/new_unither\/fr\/wp-json\/wp\/v2\/pages"}],"about":[{"href":"https:\/\/dev8.id-interactive.fr\/new_unither\/fr\/wp-json\/wp\/v2\/types\/page"}],"author":[{"embeddable":true,"href":"https:\/\/dev8.id-interactive.fr\/new_unither\/fr\/wp-json\/wp\/v2\/users\/3"}],"replies":[{"embeddable":true,"href":"https:\/\/dev8.id-interactive.fr\/new_unither\/fr\/wp-json\/wp\/v2\/comments?post=23256"}],"version-history":[{"count":39,"href":"https:\/\/dev8.id-interactive.fr\/new_unither\/fr\/wp-json\/wp\/v2\/pages\/23256\/revisions"}],"predecessor-version":[{"id":30151,"href":"https:\/\/dev8.id-interactive.fr\/new_unither\/fr\/wp-json\/wp\/v2\/pages\/23256\/revisions\/30151"}],"wp:featuredmedia":[{"embeddable":true,"href":"https:\/\/dev8.id-interactive.fr\/new_unither\/fr\/wp-json\/wp\/v2\/media\/25154"}],"wp:attachment":[{"href":"https:\/\/dev8.id-interactive.fr\/new_unither\/fr\/wp-json\/wp\/v2\/media?parent=23256"}],"wp:term":[{"taxonomy":"post_tag","embeddable":true,"href":"https:\/\/dev8.id-interactive.fr\/new_unither\/fr\/wp-json\/wp\/v2\/tags?post=23256"}],"curies":[{"name":"wp","href":"https:\/\/api.w.org\/{rel}","templated":true}]}}