{"id":23444,"date":"2025-09-26T15:08:33","date_gmt":"2025-09-26T13:08:33","guid":{"rendered":"https:\/\/dev8.id-interactive.fr\/new_unither\/?page_id=23444"},"modified":"2026-02-03T15:53:34","modified_gmt":"2026-02-03T14:53:34","slug":"fabrication-medicament-et-dispositif-medical-en-production-industrielle","status":"publish","type":"page","link":"https:\/\/dev8.id-interactive.fr\/new_unither\/fr\/fabrication\/fabrication-medicament-et-dispositif-medical-en-production-industrielle\/","title":{"rendered":"Fabrication en production industrielle"},"content":{"rendered":"","protected":false},"excerpt":{"rendered":"<p>CDMO experte en fabrication industrielle de m\u00e9dicaments et dispositifs m\u00e9dicaux : BFS st\u00e9rile, stick-packs liquides, flacons et sprays. <\/p>\n","protected":false},"author":1,"featured_media":27398,"parent":20313,"menu_order":0,"comment_status":"closed","ping_status":"closed","template":"","meta":{"_acf_changed":false,"footnotes":""},"tags":[],"class_list":["post-23444","page","type-page","status-publish","has-post-thumbnail","hentry"],"acf":[],"_links":{"self":[{"href":"https:\/\/dev8.id-interactive.fr\/new_unither\/fr\/wp-json\/wp\/v2\/pages\/23444","targetHints":{"allow":["GET"]}}],"collection":[{"href":"https:\/\/dev8.id-interactive.fr\/new_unither\/fr\/wp-json\/wp\/v2\/pages"}],"about":[{"href":"https:\/\/dev8.id-interactive.fr\/new_unither\/fr\/wp-json\/wp\/v2\/types\/page"}],"author":[{"embeddable":true,"href":"https:\/\/dev8.id-interactive.fr\/new_unither\/fr\/wp-json\/wp\/v2\/users\/1"}],"replies":[{"embeddable":true,"href":"https:\/\/dev8.id-interactive.fr\/new_unither\/fr\/wp-json\/wp\/v2\/comments?post=23444"}],"version-history":[{"count":37,"href":"https:\/\/dev8.id-interactive.fr\/new_unither\/fr\/wp-json\/wp\/v2\/pages\/23444\/revisions"}],"predecessor-version":[{"id":30913,"href":"https:\/\/dev8.id-interactive.fr\/new_unither\/fr\/wp-json\/wp\/v2\/pages\/23444\/revisions\/30913"}],"up":[{"embeddable":true,"href":"https:\/\/dev8.id-interactive.fr\/new_unither\/fr\/wp-json\/wp\/v2\/pages\/20313"}],"wp:featuredmedia":[{"embeddable":true,"href":"https:\/\/dev8.id-interactive.fr\/new_unither\/fr\/wp-json\/wp\/v2\/media\/27398"}],"wp:attachment":[{"href":"https:\/\/dev8.id-interactive.fr\/new_unither\/fr\/wp-json\/wp\/v2\/media?parent=23444"}],"wp:term":[{"taxonomy":"post_tag","embeddable":true,"href":"https:\/\/dev8.id-interactive.fr\/new_unither\/fr\/wp-json\/wp\/v2\/tags?post=23444"}],"curies":[{"name":"wp","href":"https:\/\/api.w.org\/{rel}","templated":true}]}}