{"id":23445,"date":"2025-09-26T15:07:53","date_gmt":"2025-09-26T13:07:53","guid":{"rendered":"https:\/\/dev8.id-interactive.fr\/new_unither\/?page_id=23445"},"modified":"2026-02-03T15:53:36","modified_gmt":"2026-02-03T14:53:36","slug":"transfert-tech-scale-up-pharm","status":"publish","type":"page","link":"https:\/\/dev8.id-interactive.fr\/new_unither\/fr\/fabrication\/transfert-tech-scale-up-pharm\/","title":{"rendered":"Transfert technologique &#038; scale-up pharmaceutique"},"content":{"rendered":"","protected":false},"excerpt":{"rendered":"<p>Transfert s\u00e9curis\u00e9 et mise \u00e0 l&rsquo;\u00e9chelle industrielle de produits pharmaceutiques liquides, du d\u00e9veloppement \u00e0 la fabrication commerciale.<\/p>\n","protected":false},"author":1,"featured_media":27390,"parent":20313,"menu_order":0,"comment_status":"closed","ping_status":"closed","template":"","meta":{"_acf_changed":false,"footnotes":""},"tags":[],"class_list":["post-23445","page","type-page","status-publish","has-post-thumbnail","hentry"],"acf":[],"_links":{"self":[{"href":"https:\/\/dev8.id-interactive.fr\/new_unither\/fr\/wp-json\/wp\/v2\/pages\/23445","targetHints":{"allow":["GET"]}}],"collection":[{"href":"https:\/\/dev8.id-interactive.fr\/new_unither\/fr\/wp-json\/wp\/v2\/pages"}],"about":[{"href":"https:\/\/dev8.id-interactive.fr\/new_unither\/fr\/wp-json\/wp\/v2\/types\/page"}],"author":[{"embeddable":true,"href":"https:\/\/dev8.id-interactive.fr\/new_unither\/fr\/wp-json\/wp\/v2\/users\/1"}],"replies":[{"embeddable":true,"href":"https:\/\/dev8.id-interactive.fr\/new_unither\/fr\/wp-json\/wp\/v2\/comments?post=23445"}],"version-history":[{"count":44,"href":"https:\/\/dev8.id-interactive.fr\/new_unither\/fr\/wp-json\/wp\/v2\/pages\/23445\/revisions"}],"predecessor-version":[{"id":31020,"href":"https:\/\/dev8.id-interactive.fr\/new_unither\/fr\/wp-json\/wp\/v2\/pages\/23445\/revisions\/31020"}],"up":[{"embeddable":true,"href":"https:\/\/dev8.id-interactive.fr\/new_unither\/fr\/wp-json\/wp\/v2\/pages\/20313"}],"wp:featuredmedia":[{"embeddable":true,"href":"https:\/\/dev8.id-interactive.fr\/new_unither\/fr\/wp-json\/wp\/v2\/media\/27390"}],"wp:attachment":[{"href":"https:\/\/dev8.id-interactive.fr\/new_unither\/fr\/wp-json\/wp\/v2\/media?parent=23445"}],"wp:term":[{"taxonomy":"post_tag","embeddable":true,"href":"https:\/\/dev8.id-interactive.fr\/new_unither\/fr\/wp-json\/wp\/v2\/tags?post=23445"}],"curies":[{"name":"wp","href":"https:\/\/api.w.org\/{rel}","templated":true}]}}