{"id":25252,"date":"2025-12-17T14:34:18","date_gmt":"2025-12-17T13:34:18","guid":{"rendered":"https:\/\/dev8.id-interactive.fr\/new_unither\/?page_id=25252"},"modified":"2026-02-03T15:52:47","modified_gmt":"2026-02-03T14:52:47","slug":"gel-ophtalmique-sol-gel","status":"publish","type":"page","link":"https:\/\/dev8.id-interactive.fr\/new_unither\/fr\/solutions-de-rupture\/gel-ophtalmique-sol-gel\/","title":{"rendered":"Sol-Gel\u2122 &#8211; Ophtalmologie"},"content":{"rendered":"","protected":false},"excerpt":{"rendered":"<p>Une plateforme gal\u00e9nique pour optimiser la lib\u00e9ration, la biodisponibilit\u00e9 et le confort des m\u00e9dicaments collyres.<\/p>\n","protected":false},"author":3,"featured_media":25263,"parent":22940,"menu_order":0,"comment_status":"closed","ping_status":"closed","template":"","meta":{"_acf_changed":false,"footnotes":""},"tags":[],"class_list":["post-25252","page","type-page","status-publish","has-post-thumbnail","hentry"],"acf":[],"_links":{"self":[{"href":"https:\/\/dev8.id-interactive.fr\/new_unither\/fr\/wp-json\/wp\/v2\/pages\/25252","targetHints":{"allow":["GET"]}}],"collection":[{"href":"https:\/\/dev8.id-interactive.fr\/new_unither\/fr\/wp-json\/wp\/v2\/pages"}],"about":[{"href":"https:\/\/dev8.id-interactive.fr\/new_unither\/fr\/wp-json\/wp\/v2\/types\/page"}],"author":[{"embeddable":true,"href":"https:\/\/dev8.id-interactive.fr\/new_unither\/fr\/wp-json\/wp\/v2\/users\/3"}],"replies":[{"embeddable":true,"href":"https:\/\/dev8.id-interactive.fr\/new_unither\/fr\/wp-json\/wp\/v2\/comments?post=25252"}],"version-history":[{"count":23,"href":"https:\/\/dev8.id-interactive.fr\/new_unither\/fr\/wp-json\/wp\/v2\/pages\/25252\/revisions"}],"predecessor-version":[{"id":31326,"href":"https:\/\/dev8.id-interactive.fr\/new_unither\/fr\/wp-json\/wp\/v2\/pages\/25252\/revisions\/31326"}],"up":[{"embeddable":true,"href":"https:\/\/dev8.id-interactive.fr\/new_unither\/fr\/wp-json\/wp\/v2\/pages\/22940"}],"wp:featuredmedia":[{"embeddable":true,"href":"https:\/\/dev8.id-interactive.fr\/new_unither\/fr\/wp-json\/wp\/v2\/media\/25263"}],"wp:attachment":[{"href":"https:\/\/dev8.id-interactive.fr\/new_unither\/fr\/wp-json\/wp\/v2\/media?parent=25252"}],"wp:term":[{"taxonomy":"post_tag","embeddable":true,"href":"https:\/\/dev8.id-interactive.fr\/new_unither\/fr\/wp-json\/wp\/v2\/tags?post=25252"}],"curies":[{"name":"wp","href":"https:\/\/api.w.org\/{rel}","templated":true}]}}