{"id":25255,"date":"2025-12-17T15:57:22","date_gmt":"2025-12-17T14:57:22","guid":{"rendered":"https:\/\/dev8.id-interactive.fr\/new_unither\/?page_id=25255"},"modified":"2026-02-03T15:52:44","modified_gmt":"2026-02-03T14:52:44","slug":"transmuqueuse-uniflash","status":"publish","type":"page","link":"https:\/\/dev8.id-interactive.fr\/new_unither\/fr\/solutions-de-rupture\/transmuqueuse-uniflash\/","title":{"rendered":"Uniflash\u00ae &#8211; Oro-mucosal"},"content":{"rendered":"","protected":false},"excerpt":{"rendered":"<p>Une technologie de d\u00e9livrance des m\u00e9dicaments par voie transmuqueuse buccale pour assurer une d\u00e9livrance rapide des m\u00e9dicaments.<\/p>\n","protected":false},"author":3,"featured_media":25265,"parent":22940,"menu_order":0,"comment_status":"closed","ping_status":"closed","template":"","meta":{"_acf_changed":false,"footnotes":""},"tags":[],"class_list":["post-25255","page","type-page","status-publish","has-post-thumbnail","hentry"],"acf":[],"_links":{"self":[{"href":"https:\/\/dev8.id-interactive.fr\/new_unither\/fr\/wp-json\/wp\/v2\/pages\/25255","targetHints":{"allow":["GET"]}}],"collection":[{"href":"https:\/\/dev8.id-interactive.fr\/new_unither\/fr\/wp-json\/wp\/v2\/pages"}],"about":[{"href":"https:\/\/dev8.id-interactive.fr\/new_unither\/fr\/wp-json\/wp\/v2\/types\/page"}],"author":[{"embeddable":true,"href":"https:\/\/dev8.id-interactive.fr\/new_unither\/fr\/wp-json\/wp\/v2\/users\/3"}],"replies":[{"embeddable":true,"href":"https:\/\/dev8.id-interactive.fr\/new_unither\/fr\/wp-json\/wp\/v2\/comments?post=25255"}],"version-history":[{"count":11,"href":"https:\/\/dev8.id-interactive.fr\/new_unither\/fr\/wp-json\/wp\/v2\/pages\/25255\/revisions"}],"predecessor-version":[{"id":31328,"href":"https:\/\/dev8.id-interactive.fr\/new_unither\/fr\/wp-json\/wp\/v2\/pages\/25255\/revisions\/31328"}],"up":[{"embeddable":true,"href":"https:\/\/dev8.id-interactive.fr\/new_unither\/fr\/wp-json\/wp\/v2\/pages\/22940"}],"wp:featuredmedia":[{"embeddable":true,"href":"https:\/\/dev8.id-interactive.fr\/new_unither\/fr\/wp-json\/wp\/v2\/media\/25265"}],"wp:attachment":[{"href":"https:\/\/dev8.id-interactive.fr\/new_unither\/fr\/wp-json\/wp\/v2\/media?parent=25255"}],"wp:term":[{"taxonomy":"post_tag","embeddable":true,"href":"https:\/\/dev8.id-interactive.fr\/new_unither\/fr\/wp-json\/wp\/v2\/tags?post=25255"}],"curies":[{"name":"wp","href":"https:\/\/api.w.org\/{rel}","templated":true}]}}