{"id":26990,"date":"2025-09-26T15:07:53","date_gmt":"2025-09-26T13:07:53","guid":{"rendered":"https:\/\/dev8.id-interactive.fr\/new_unither\/fabricacao\/transferencia-de-tecnologia-scale-up-farmaceutico\/"},"modified":"2026-02-03T15:53:36","modified_gmt":"2026-02-03T14:53:36","slug":"transferencia-de-tecnologia-scale-up-farmaceutico","status":"publish","type":"page","link":"https:\/\/dev8.id-interactive.fr\/new_unither\/pt-br\/fabricacao\/transferencia-de-tecnologia-scale-up-farmaceutico\/","title":{"rendered":"Transfer\u00eancia de tecnologia &amp; scale-up farmac\u00eautico"},"content":{"rendered":"","protected":false},"excerpt":{"rendered":"<p>Transfer\u00eancia segura e amplia\u00e7\u00e3o industrial de produtos farmac\u00eauticos l\u00edquidos, desde o desenvolvimento at\u00e9 a fabrica\u00e7\u00e3o comercial.<\/p>\n","protected":false},"author":1,"featured_media":27393,"parent":26987,"menu_order":0,"comment_status":"closed","ping_status":"closed","template":"","meta":{"_acf_changed":false,"footnotes":""},"tags":[],"class_list":["post-26990","page","type-page","status-publish","has-post-thumbnail","hentry"],"acf":[],"_links":{"self":[{"href":"https:\/\/dev8.id-interactive.fr\/new_unither\/pt-br\/wp-json\/wp\/v2\/pages\/26990","targetHints":{"allow":["GET"]}}],"collection":[{"href":"https:\/\/dev8.id-interactive.fr\/new_unither\/pt-br\/wp-json\/wp\/v2\/pages"}],"about":[{"href":"https:\/\/dev8.id-interactive.fr\/new_unither\/pt-br\/wp-json\/wp\/v2\/types\/page"}],"author":[{"embeddable":true,"href":"https:\/\/dev8.id-interactive.fr\/new_unither\/pt-br\/wp-json\/wp\/v2\/users\/1"}],"replies":[{"embeddable":true,"href":"https:\/\/dev8.id-interactive.fr\/new_unither\/pt-br\/wp-json\/wp\/v2\/comments?post=26990"}],"version-history":[{"count":7,"href":"https:\/\/dev8.id-interactive.fr\/new_unither\/pt-br\/wp-json\/wp\/v2\/pages\/26990\/revisions"}],"predecessor-version":[{"id":31224,"href":"https:\/\/dev8.id-interactive.fr\/new_unither\/pt-br\/wp-json\/wp\/v2\/pages\/26990\/revisions\/31224"}],"up":[{"embeddable":true,"href":"https:\/\/dev8.id-interactive.fr\/new_unither\/pt-br\/wp-json\/wp\/v2\/pages\/26987"}],"wp:featuredmedia":[{"embeddable":true,"href":"https:\/\/dev8.id-interactive.fr\/new_unither\/pt-br\/wp-json\/wp\/v2\/media\/27393"}],"wp:attachment":[{"href":"https:\/\/dev8.id-interactive.fr\/new_unither\/pt-br\/wp-json\/wp\/v2\/media?parent=26990"}],"wp:term":[{"taxonomy":"post_tag","embeddable":true,"href":"https:\/\/dev8.id-interactive.fr\/new_unither\/pt-br\/wp-json\/wp\/v2\/tags?post=26990"}],"curies":[{"name":"wp","href":"https:\/\/api.w.org\/{rel}","templated":true}]}}