{"id":26992,"date":"2025-09-26T15:08:33","date_gmt":"2025-09-26T13:08:33","guid":{"rendered":"https:\/\/dev8.id-interactive.fr\/new_unither\/fabricacao\/fabricacao-de-medicamentos-e-dispositivos-medicos-em-producao-industrial\/"},"modified":"2026-02-03T15:53:34","modified_gmt":"2026-02-03T14:53:34","slug":"fabricacao-de-medicamentos-e-dispositivos-medicos-em-producao-industrial","status":"publish","type":"page","link":"https:\/\/dev8.id-interactive.fr\/new_unither\/pt-br\/fabricacao\/fabricacao-de-medicamentos-e-dispositivos-medicos-em-producao-industrial\/","title":{"rendered":"Fabrica\u00e7\u00e3o em produ\u00e7\u00e3o industrial"},"content":{"rendered":"","protected":false},"excerpt":{"rendered":"<p>CDMO especialista em fabrica\u00e7\u00e3o industrial de medicamentos e dispositivos m\u00e9dicos: BFS est\u00e9ril, stick-packs l\u00edquidos, frascos e sprays.<\/p>\n","protected":false},"author":1,"featured_media":27401,"parent":26987,"menu_order":0,"comment_status":"closed","ping_status":"closed","template":"","meta":{"_acf_changed":false,"footnotes":""},"tags":[],"class_list":["post-26992","page","type-page","status-publish","has-post-thumbnail","hentry"],"acf":[],"_links":{"self":[{"href":"https:\/\/dev8.id-interactive.fr\/new_unither\/pt-br\/wp-json\/wp\/v2\/pages\/26992","targetHints":{"allow":["GET"]}}],"collection":[{"href":"https:\/\/dev8.id-interactive.fr\/new_unither\/pt-br\/wp-json\/wp\/v2\/pages"}],"about":[{"href":"https:\/\/dev8.id-interactive.fr\/new_unither\/pt-br\/wp-json\/wp\/v2\/types\/page"}],"author":[{"embeddable":true,"href":"https:\/\/dev8.id-interactive.fr\/new_unither\/pt-br\/wp-json\/wp\/v2\/users\/1"}],"replies":[{"embeddable":true,"href":"https:\/\/dev8.id-interactive.fr\/new_unither\/pt-br\/wp-json\/wp\/v2\/comments?post=26992"}],"version-history":[{"count":9,"href":"https:\/\/dev8.id-interactive.fr\/new_unither\/pt-br\/wp-json\/wp\/v2\/pages\/26992\/revisions"}],"predecessor-version":[{"id":31051,"href":"https:\/\/dev8.id-interactive.fr\/new_unither\/pt-br\/wp-json\/wp\/v2\/pages\/26992\/revisions\/31051"}],"up":[{"embeddable":true,"href":"https:\/\/dev8.id-interactive.fr\/new_unither\/pt-br\/wp-json\/wp\/v2\/pages\/26987"}],"wp:featuredmedia":[{"embeddable":true,"href":"https:\/\/dev8.id-interactive.fr\/new_unither\/pt-br\/wp-json\/wp\/v2\/media\/27401"}],"wp:attachment":[{"href":"https:\/\/dev8.id-interactive.fr\/new_unither\/pt-br\/wp-json\/wp\/v2\/media?parent=26992"}],"wp:term":[{"taxonomy":"post_tag","embeddable":true,"href":"https:\/\/dev8.id-interactive.fr\/new_unither\/pt-br\/wp-json\/wp\/v2\/tags?post=26992"}],"curies":[{"name":"wp","href":"https:\/\/api.w.org\/{rel}","templated":true}]}}