{"id":27061,"date":"2025-09-22T09:22:05","date_gmt":"2025-09-22T07:22:05","guid":{"rendered":"https:\/\/dev8.id-interactive.fr\/new_unither\/fabricacao\/fabricacao-de-pequenos-lotes-comerciais-doencas-raras\/"},"modified":"2026-02-03T15:54:15","modified_gmt":"2026-02-03T14:54:15","slug":"fabricacao-de-pequenos-lotes-comerciais-doencas-raras","status":"publish","type":"page","link":"https:\/\/dev8.id-interactive.fr\/new_unither\/pt-br\/fabricacao\/fabricacao-de-pequenos-lotes-comerciais-doencas-raras\/","title":{"rendered":"Fabrica\u00e7\u00e3o de pequenos lotes comerciais &#8211; doen\u00e7as raras"},"content":{"rendered":"","protected":false},"excerpt":{"rendered":"<p>Fabrica\u00e7\u00e3o de pequenos lotes comerciais com produ\u00e7\u00e3o flex\u00edvel e em conformidade, adaptada a doen\u00e7as raras e volumes espec\u00edficos.<\/p>\n","protected":false},"author":1,"featured_media":27409,"parent":26987,"menu_order":0,"comment_status":"closed","ping_status":"closed","template":"","meta":{"_acf_changed":false,"footnotes":""},"tags":[],"class_list":["post-27061","page","type-page","status-publish","has-post-thumbnail","hentry"],"acf":[],"_links":{"self":[{"href":"https:\/\/dev8.id-interactive.fr\/new_unither\/pt-br\/wp-json\/wp\/v2\/pages\/27061","targetHints":{"allow":["GET"]}}],"collection":[{"href":"https:\/\/dev8.id-interactive.fr\/new_unither\/pt-br\/wp-json\/wp\/v2\/pages"}],"about":[{"href":"https:\/\/dev8.id-interactive.fr\/new_unither\/pt-br\/wp-json\/wp\/v2\/types\/page"}],"author":[{"embeddable":true,"href":"https:\/\/dev8.id-interactive.fr\/new_unither\/pt-br\/wp-json\/wp\/v2\/users\/1"}],"replies":[{"embeddable":true,"href":"https:\/\/dev8.id-interactive.fr\/new_unither\/pt-br\/wp-json\/wp\/v2\/comments?post=27061"}],"version-history":[{"count":8,"href":"https:\/\/dev8.id-interactive.fr\/new_unither\/pt-br\/wp-json\/wp\/v2\/pages\/27061\/revisions"}],"predecessor-version":[{"id":31056,"href":"https:\/\/dev8.id-interactive.fr\/new_unither\/pt-br\/wp-json\/wp\/v2\/pages\/27061\/revisions\/31056"}],"up":[{"embeddable":true,"href":"https:\/\/dev8.id-interactive.fr\/new_unither\/pt-br\/wp-json\/wp\/v2\/pages\/26987"}],"wp:featuredmedia":[{"embeddable":true,"href":"https:\/\/dev8.id-interactive.fr\/new_unither\/pt-br\/wp-json\/wp\/v2\/media\/27409"}],"wp:attachment":[{"href":"https:\/\/dev8.id-interactive.fr\/new_unither\/pt-br\/wp-json\/wp\/v2\/media?parent=27061"}],"wp:term":[{"taxonomy":"post_tag","embeddable":true,"href":"https:\/\/dev8.id-interactive.fr\/new_unither\/pt-br\/wp-json\/wp\/v2\/tags?post=27061"}],"curies":[{"name":"wp","href":"https:\/\/api.w.org\/{rel}","templated":true}]}}