{"id":27084,"date":"2025-07-10T11:51:17","date_gmt":"2025-07-10T09:51:17","guid":{"rendered":"https:\/\/dev8.id-interactive.fr\/new_unither\/fabricacao-de-lotes-clinicos-placebos\/"},"modified":"2026-02-03T15:54:57","modified_gmt":"2026-02-03T14:54:57","slug":"fabricacao-de-lotes-clinicos-placebos","status":"publish","type":"page","link":"https:\/\/dev8.id-interactive.fr\/new_unither\/pt-br\/desenvolvimento\/fabricacao-de-lotes-clinicos-placebos\/","title":{"rendered":"Fabrica\u00e7\u00e3o de lotes cl\u00ednicos &amp; placebos"},"content":{"rendered":"","protected":false},"excerpt":{"rendered":"<p>Produ\u00e7\u00e3o GMP \u00e1gil para proteger seus ensaios cl\u00ednicos.<\/p>\n","protected":false},"author":1,"featured_media":27488,"parent":27095,"menu_order":0,"comment_status":"closed","ping_status":"closed","template":"","meta":{"_acf_changed":false,"footnotes":""},"tags":[],"class_list":["post-27084","page","type-page","status-publish","has-post-thumbnail","hentry"],"acf":[],"_links":{"self":[{"href":"https:\/\/dev8.id-interactive.fr\/new_unither\/pt-br\/wp-json\/wp\/v2\/pages\/27084","targetHints":{"allow":["GET"]}}],"collection":[{"href":"https:\/\/dev8.id-interactive.fr\/new_unither\/pt-br\/wp-json\/wp\/v2\/pages"}],"about":[{"href":"https:\/\/dev8.id-interactive.fr\/new_unither\/pt-br\/wp-json\/wp\/v2\/types\/page"}],"author":[{"embeddable":true,"href":"https:\/\/dev8.id-interactive.fr\/new_unither\/pt-br\/wp-json\/wp\/v2\/users\/1"}],"replies":[{"embeddable":true,"href":"https:\/\/dev8.id-interactive.fr\/new_unither\/pt-br\/wp-json\/wp\/v2\/comments?post=27084"}],"version-history":[{"count":4,"href":"https:\/\/dev8.id-interactive.fr\/new_unither\/pt-br\/wp-json\/wp\/v2\/pages\/27084\/revisions"}],"predecessor-version":[{"id":31229,"href":"https:\/\/dev8.id-interactive.fr\/new_unither\/pt-br\/wp-json\/wp\/v2\/pages\/27084\/revisions\/31229"}],"up":[{"embeddable":true,"href":"https:\/\/dev8.id-interactive.fr\/new_unither\/pt-br\/wp-json\/wp\/v2\/pages\/27095"}],"wp:featuredmedia":[{"embeddable":true,"href":"https:\/\/dev8.id-interactive.fr\/new_unither\/pt-br\/wp-json\/wp\/v2\/media\/27488"}],"wp:attachment":[{"href":"https:\/\/dev8.id-interactive.fr\/new_unither\/pt-br\/wp-json\/wp\/v2\/media?parent=27084"}],"wp:term":[{"taxonomy":"post_tag","embeddable":true,"href":"https:\/\/dev8.id-interactive.fr\/new_unither\/pt-br\/wp-json\/wp\/v2\/tags?post=27084"}],"curies":[{"name":"wp","href":"https:\/\/api.w.org\/{rel}","templated":true}]}}