{"id":27172,"date":"2025-09-22T10:19:57","date_gmt":"2025-09-22T08:19:57","guid":{"rendered":"https:\/\/dev8.id-interactive.fr\/new_unither\/por-tecnologias\/"},"modified":"2026-02-03T15:54:05","modified_gmt":"2026-02-03T14:54:05","slug":"por-tecnologias","status":"publish","type":"page","link":"https:\/\/dev8.id-interactive.fr\/new_unither\/pt-br\/por-tecnologias\/","title":{"rendered":"Por tecnologia"},"content":{"rendered":"","protected":false},"excerpt":{"rendered":"<p>De pequenos lotes a grandes volumes: fabrica\u00e7\u00e3o de medicamentos e dispositivos m\u00e9dicos adaptados \u00e0s suas necessidades.<\/p>\n","protected":false},"author":1,"featured_media":28850,"parent":0,"menu_order":0,"comment_status":"closed","ping_status":"closed","template":"","meta":{"_acf_changed":false,"footnotes":""},"tags":[],"class_list":["post-27172","page","type-page","status-publish","has-post-thumbnail","hentry"],"acf":[],"_links":{"self":[{"href":"https:\/\/dev8.id-interactive.fr\/new_unither\/pt-br\/wp-json\/wp\/v2\/pages\/27172","targetHints":{"allow":["GET"]}}],"collection":[{"href":"https:\/\/dev8.id-interactive.fr\/new_unither\/pt-br\/wp-json\/wp\/v2\/pages"}],"about":[{"href":"https:\/\/dev8.id-interactive.fr\/new_unither\/pt-br\/wp-json\/wp\/v2\/types\/page"}],"author":[{"embeddable":true,"href":"https:\/\/dev8.id-interactive.fr\/new_unither\/pt-br\/wp-json\/wp\/v2\/users\/1"}],"replies":[{"embeddable":true,"href":"https:\/\/dev8.id-interactive.fr\/new_unither\/pt-br\/wp-json\/wp\/v2\/comments?post=27172"}],"version-history":[{"count":8,"href":"https:\/\/dev8.id-interactive.fr\/new_unither\/pt-br\/wp-json\/wp\/v2\/pages\/27172\/revisions"}],"predecessor-version":[{"id":30944,"href":"https:\/\/dev8.id-interactive.fr\/new_unither\/pt-br\/wp-json\/wp\/v2\/pages\/27172\/revisions\/30944"}],"wp:featuredmedia":[{"embeddable":true,"href":"https:\/\/dev8.id-interactive.fr\/new_unither\/pt-br\/wp-json\/wp\/v2\/media\/28850"}],"wp:attachment":[{"href":"https:\/\/dev8.id-interactive.fr\/new_unither\/pt-br\/wp-json\/wp\/v2\/media?parent=27172"}],"wp:term":[{"taxonomy":"post_tag","embeddable":true,"href":"https:\/\/dev8.id-interactive.fr\/new_unither\/pt-br\/wp-json\/wp\/v2\/tags?post=27172"}],"curies":[{"name":"wp","href":"https:\/\/api.w.org\/{rel}","templated":true}]}}