{"id":27272,"date":"2025-12-17T14:34:18","date_gmt":"2025-12-17T13:34:18","guid":{"rendered":"https:\/\/dev8.id-interactive.fr\/new_unither\/sol-gel-oftalmologia\/"},"modified":"2026-02-03T15:52:46","modified_gmt":"2026-02-03T14:52:46","slug":"sol-gel-oftalmologia","status":"publish","type":"page","link":"https:\/\/dev8.id-interactive.fr\/new_unither\/pt-br\/solucoes-inovadoras\/sol-gel-oftalmologia\/","title":{"rendered":"Sol-Gel\u2122 (Oftalmologia)"},"content":{"rendered":"","protected":false},"excerpt":{"rendered":"<p>Uma plataforma gal\u00eanica para otimizar a libera\u00e7\u00e3o, a biodisponibilidade e o conforto dos col\u00edrios.<\/p>\n","protected":false},"author":3,"featured_media":27259,"parent":29130,"menu_order":0,"comment_status":"closed","ping_status":"closed","template":"","meta":{"_acf_changed":false,"footnotes":""},"tags":[],"class_list":["post-27272","page","type-page","status-publish","has-post-thumbnail","hentry"],"acf":[],"_links":{"self":[{"href":"https:\/\/dev8.id-interactive.fr\/new_unither\/pt-br\/wp-json\/wp\/v2\/pages\/27272","targetHints":{"allow":["GET"]}}],"collection":[{"href":"https:\/\/dev8.id-interactive.fr\/new_unither\/pt-br\/wp-json\/wp\/v2\/pages"}],"about":[{"href":"https:\/\/dev8.id-interactive.fr\/new_unither\/pt-br\/wp-json\/wp\/v2\/types\/page"}],"author":[{"embeddable":true,"href":"https:\/\/dev8.id-interactive.fr\/new_unither\/pt-br\/wp-json\/wp\/v2\/users\/3"}],"replies":[{"embeddable":true,"href":"https:\/\/dev8.id-interactive.fr\/new_unither\/pt-br\/wp-json\/wp\/v2\/comments?post=27272"}],"version-history":[{"count":5,"href":"https:\/\/dev8.id-interactive.fr\/new_unither\/pt-br\/wp-json\/wp\/v2\/pages\/27272\/revisions"}],"predecessor-version":[{"id":30962,"href":"https:\/\/dev8.id-interactive.fr\/new_unither\/pt-br\/wp-json\/wp\/v2\/pages\/27272\/revisions\/30962"}],"up":[{"embeddable":true,"href":"https:\/\/dev8.id-interactive.fr\/new_unither\/pt-br\/wp-json\/wp\/v2\/pages\/29130"}],"wp:featuredmedia":[{"embeddable":true,"href":"https:\/\/dev8.id-interactive.fr\/new_unither\/pt-br\/wp-json\/wp\/v2\/media\/27259"}],"wp:attachment":[{"href":"https:\/\/dev8.id-interactive.fr\/new_unither\/pt-br\/wp-json\/wp\/v2\/media?parent=27272"}],"wp:term":[{"taxonomy":"post_tag","embeddable":true,"href":"https:\/\/dev8.id-interactive.fr\/new_unither\/pt-br\/wp-json\/wp\/v2\/tags?post=27272"}],"curies":[{"name":"wp","href":"https:\/\/api.w.org\/{rel}","templated":true}]}}