{"id":28807,"date":"2025-07-03T15:23:13","date_gmt":"2025-07-03T13:23:13","guid":{"rendered":"https:\/\/dev8.id-interactive.fr\/new_unither\/inspire-hub\/"},"modified":"2026-02-03T15:55:04","modified_gmt":"2026-02-03T14:55:04","slug":"inspire-hub","status":"publish","type":"page","link":"https:\/\/dev8.id-interactive.fr\/new_unither\/pt-br\/inspire-hub\/","title":{"rendered":"Inspire Hub"},"content":{"rendered":"<p data-start=\"161\" data-end=\"376\">O Inspire Hub da Unither re\u00fane nossos conte\u00fados especializados \u2014 artigos, white papers, webinars e replays \u2014 para compartilhar nosso know-how e acompanhar seus projetos de desenvolvimento e fabrica\u00e7\u00e3o farmac\u00eautica.<\/p>\n<p>&nbsp;<\/p>\n<p data-start=\"378\" data-end=\"634\">Para ir mais longe, o InnoSph\u00e8re, o podcast da Unither, abre o di\u00e1logo sobre inova\u00e7\u00e3o na \u00e1rea da sa\u00fade.<br data-start=\"486\" data-end=\"489\" \/>Muito mais do que um podcast, \u00e9 um espa\u00e7o para compreender as transforma\u00e7\u00f5es do setor, inspirar-se e conectar os atores do ecossistema.<\/p>\n<p data-start=\"636\" data-end=\"723\" data-is-last-node=\"\" data-is-only-node=\"\">Um local \u00fanico para aprender, informar-se e antecipar a inova\u00e7\u00e3o farmac\u00eautica.<\/p>\n","protected":false},"excerpt":{"rendered":"<p>O Inspire Hub da Unither re\u00fane nossos conte\u00fados especializados \u2014 artigos, e-books, webinars e replays \u2014 para compartilhar nosso know-how e acompanhar seus projetos de desenvolvimento e fabrica\u00e7\u00e3o farmac\u00eautica.<\/p>\n","protected":false},"author":1,"featured_media":29868,"parent":0,"menu_order":0,"comment_status":"closed","ping_status":"closed","template":"archive-publication.php","meta":{"_acf_changed":false,"footnotes":""},"tags":[],"class_list":["post-28807","page","type-page","status-publish","has-post-thumbnail","hentry"],"acf":[],"_links":{"self":[{"href":"https:\/\/dev8.id-interactive.fr\/new_unither\/pt-br\/wp-json\/wp\/v2\/pages\/28807","targetHints":{"allow":["GET"]}}],"collection":[{"href":"https:\/\/dev8.id-interactive.fr\/new_unither\/pt-br\/wp-json\/wp\/v2\/pages"}],"about":[{"href":"https:\/\/dev8.id-interactive.fr\/new_unither\/pt-br\/wp-json\/wp\/v2\/types\/page"}],"author":[{"embeddable":true,"href":"https:\/\/dev8.id-interactive.fr\/new_unither\/pt-br\/wp-json\/wp\/v2\/users\/1"}],"replies":[{"embeddable":true,"href":"https:\/\/dev8.id-interactive.fr\/new_unither\/pt-br\/wp-json\/wp\/v2\/comments?post=28807"}],"version-history":[{"count":3,"href":"https:\/\/dev8.id-interactive.fr\/new_unither\/pt-br\/wp-json\/wp\/v2\/pages\/28807\/revisions"}],"predecessor-version":[{"id":31423,"href":"https:\/\/dev8.id-interactive.fr\/new_unither\/pt-br\/wp-json\/wp\/v2\/pages\/28807\/revisions\/31423"}],"wp:featuredmedia":[{"embeddable":true,"href":"https:\/\/dev8.id-interactive.fr\/new_unither\/pt-br\/wp-json\/wp\/v2\/media\/29868"}],"wp:attachment":[{"href":"https:\/\/dev8.id-interactive.fr\/new_unither\/pt-br\/wp-json\/wp\/v2\/media?parent=28807"}],"wp:term":[{"taxonomy":"post_tag","embeddable":true,"href":"https:\/\/dev8.id-interactive.fr\/new_unither\/pt-br\/wp-json\/wp\/v2\/tags?post=28807"}],"curies":[{"name":"wp","href":"https:\/\/api.w.org\/{rel}","templated":true}]}}