{"id":29420,"date":"2025-07-11T13:24:12","date_gmt":"2025-07-11T11:24:12","guid":{"rendered":"https:\/\/dev8.id-interactive.fr\/new_unither\/politica-de-compras\/"},"modified":"2026-02-03T15:54:39","modified_gmt":"2026-02-03T14:54:39","slug":"politica-de-compras","status":"publish","type":"page","link":"https:\/\/dev8.id-interactive.fr\/new_unither\/pt-br\/politica-de-compras\/","title":{"rendered":"Pol\u00edtica de compras"},"content":{"rendered":"","protected":false},"excerpt":{"rendered":"<p>A Pol\u00edtica de Compras do Grupo Unither est\u00e1 totalmente alinhada com a pol\u00edtica de Responsabilidade Social Empresarial (RSE) do Grupo e expressa seus compromissos no desenvolvimento de sua estrat\u00e9gia de Compras Respons\u00e1veis, bem como suas expectativas em rela\u00e7\u00e3o a seus fornecedores e subcontratados.<\/p>\n","protected":false},"author":1,"featured_media":29287,"parent":0,"menu_order":0,"comment_status":"closed","ping_status":"closed","template":"","meta":{"_acf_changed":false,"footnotes":""},"tags":[],"class_list":["post-29420","page","type-page","status-publish","has-post-thumbnail","hentry"],"acf":[],"_links":{"self":[{"href":"https:\/\/dev8.id-interactive.fr\/new_unither\/pt-br\/wp-json\/wp\/v2\/pages\/29420","targetHints":{"allow":["GET"]}}],"collection":[{"href":"https:\/\/dev8.id-interactive.fr\/new_unither\/pt-br\/wp-json\/wp\/v2\/pages"}],"about":[{"href":"https:\/\/dev8.id-interactive.fr\/new_unither\/pt-br\/wp-json\/wp\/v2\/types\/page"}],"author":[{"embeddable":true,"href":"https:\/\/dev8.id-interactive.fr\/new_unither\/pt-br\/wp-json\/wp\/v2\/users\/1"}],"replies":[{"embeddable":true,"href":"https:\/\/dev8.id-interactive.fr\/new_unither\/pt-br\/wp-json\/wp\/v2\/comments?post=29420"}],"version-history":[{"count":4,"href":"https:\/\/dev8.id-interactive.fr\/new_unither\/pt-br\/wp-json\/wp\/v2\/pages\/29420\/revisions"}],"predecessor-version":[{"id":30532,"href":"https:\/\/dev8.id-interactive.fr\/new_unither\/pt-br\/wp-json\/wp\/v2\/pages\/29420\/revisions\/30532"}],"wp:featuredmedia":[{"embeddable":true,"href":"https:\/\/dev8.id-interactive.fr\/new_unither\/pt-br\/wp-json\/wp\/v2\/media\/29287"}],"wp:attachment":[{"href":"https:\/\/dev8.id-interactive.fr\/new_unither\/pt-br\/wp-json\/wp\/v2\/media?parent=29420"}],"wp:term":[{"taxonomy":"post_tag","embeddable":true,"href":"https:\/\/dev8.id-interactive.fr\/new_unither\/pt-br\/wp-json\/wp\/v2\/tags?post=29420"}],"curies":[{"name":"wp","href":"https:\/\/api.w.org\/{rel}","templated":true}]}}