{"id":30182,"date":"2025-09-25T16:15:31","date_gmt":"2025-09-25T14:15:31","guid":{"rendered":"https:\/\/dev8.id-interactive.fr\/new_unither\/?page_id=30182"},"modified":"2026-02-03T15:53:43","modified_gmt":"2026-02-03T14:53:43","slug":"compras-responsaveis","status":"publish","type":"page","link":"https:\/\/dev8.id-interactive.fr\/new_unither\/pt-br\/compras-responsaveis\/","title":{"rendered":"Compras respons\u00e1veis"},"content":{"rendered":"","protected":false},"excerpt":{"rendered":"<p>Compras respons\u00e1veis na Unither: qualidade, inova\u00e7\u00e3o e sustentabilidade para uma ind\u00fastria farmac\u00eautica \u00e9tica e eficiente.<\/p>\n","protected":false},"author":5,"featured_media":25226,"parent":0,"menu_order":0,"comment_status":"closed","ping_status":"closed","template":"","meta":{"_acf_changed":false,"footnotes":""},"tags":[],"class_list":["post-30182","page","type-page","status-publish","has-post-thumbnail","hentry"],"acf":[],"_links":{"self":[{"href":"https:\/\/dev8.id-interactive.fr\/new_unither\/pt-br\/wp-json\/wp\/v2\/pages\/30182","targetHints":{"allow":["GET"]}}],"collection":[{"href":"https:\/\/dev8.id-interactive.fr\/new_unither\/pt-br\/wp-json\/wp\/v2\/pages"}],"about":[{"href":"https:\/\/dev8.id-interactive.fr\/new_unither\/pt-br\/wp-json\/wp\/v2\/types\/page"}],"author":[{"embeddable":true,"href":"https:\/\/dev8.id-interactive.fr\/new_unither\/pt-br\/wp-json\/wp\/v2\/users\/5"}],"replies":[{"embeddable":true,"href":"https:\/\/dev8.id-interactive.fr\/new_unither\/pt-br\/wp-json\/wp\/v2\/comments?post=30182"}],"version-history":[{"count":3,"href":"https:\/\/dev8.id-interactive.fr\/new_unither\/pt-br\/wp-json\/wp\/v2\/pages\/30182\/revisions"}],"predecessor-version":[{"id":31524,"href":"https:\/\/dev8.id-interactive.fr\/new_unither\/pt-br\/wp-json\/wp\/v2\/pages\/30182\/revisions\/31524"}],"wp:featuredmedia":[{"embeddable":true,"href":"https:\/\/dev8.id-interactive.fr\/new_unither\/pt-br\/wp-json\/wp\/v2\/media\/25226"}],"wp:attachment":[{"href":"https:\/\/dev8.id-interactive.fr\/new_unither\/pt-br\/wp-json\/wp\/v2\/media?parent=30182"}],"wp:term":[{"taxonomy":"post_tag","embeddable":true,"href":"https:\/\/dev8.id-interactive.fr\/new_unither\/pt-br\/wp-json\/wp\/v2\/tags?post=30182"}],"curies":[{"name":"wp","href":"https:\/\/api.w.org\/{rel}","templated":true}]}}